{"id":20,"date":"2025-01-21T13:52:32","date_gmt":"2025-01-21T12:52:32","guid":{"rendered":"https:\/\/magugastrobar.com\/?page_id=20"},"modified":"2026-03-02T13:13:04","modified_gmt":"2026-03-02T13:13:04","slug":"inicio","status":"publish","type":"page","link":"https:\/\/magugastrobar.com\/","title":{"rendered":"Inicio"},"content":{"rendered":"<p>[et_pb_section fb_built=\u00bb1&#8243; admin_label=\u00bbHeader\u00bb _builder_version=\u00bb4.27.4&#8243; _module_preset=\u00bbdefault\u00bb background_image=\u00bbhttps:\/\/magugastrobar.com\/wp-content\/uploads\/2025\/01\/MGUS.jpg\u00bb background_blend=\u00bbdarken\u00bb width=\u00bb100%\u00bb custom_padding=\u00bb4vw||4vw||true|false\u00bb bottom_divider_style=\u00bbwave2&#8243; bottom_divider_color=\u00bb#FFFFFF\u00bb collapsed=\u00bbon\u00bb global_colors_info=\u00bb{}\u00bb][et_pb_row _builder_version=\u00bb4.21.0&#8243; _module_preset=\u00bbdefault\u00bb global_colors_info=\u00bb{}\u00bb][et_pb_column type=\u00bb4_4&#8243; _builder_version=\u00bb4.21.0&#8243; _module_preset=\u00bbdefault\u00bb global_colors_info=\u00bb{}\u00bb][et_pb_text _builder_version=\u00bb4.27.4&#8243; _module_preset=\u00bbbb20aa36-d0cc-48e7-9920-b4b3750cefb5&#8243; header_text_color=\u00bb#FFFFFF\u00bb text_orientation=\u00bbcenter\u00bb custom_margin=\u00bb||10px||false|false\u00bb text_text_shadow_style=\u00bbpreset4&#8243; text_text_shadow_blur_strength=\u00bb0.08em\u00bb text_text_shadow_color=\u00bb#000000&#8243; inline_fonts=\u00bbAlef\u00bb global_colors_info=\u00bb{}\u00bb]<\/p>\n<h1 style=\"text-align: center;\"><strong><span style=\"font-family: Alef;\">MAGUS GASTRO BAR<\/span><\/strong><\/h1>\n<p>[\/et_pb_text][et_pb_text _builder_version=\u00bb4.27.4&#8243; _module_preset=\u00bb2c1d4739-8d8a-4532-a04a-a7d32704545d\u00bb header_5_text_color=\u00bb#FFFFFF\u00bb text_orientation=\u00bbcenter\u00bb text_text_shadow_style=\u00bbpreset4&#8243; text_text_shadow_blur_strength=\u00bb0.08em\u00bb text_text_shadow_color=\u00bb#000000&#8243; global_colors_info=\u00bb{}\u00bb]<\/p>\n<h5>Sabores \u00fanicos junto al mar, donde cada plato es un viaje gastron\u00f3mico<\/h5>\n<p>[\/et_pb_text][et_pb_button button_text=\u00bbNuestros platos\u00bb button_alignment=\u00bbcenter\u00bb _builder_version=\u00bb4.27.4&#8243; _module_preset=\u00bb2397d223-56ed-47e8-9eb2-dd336ac9a980&#8243; button_border_radius=\u00bb5px\u00bb button_text_shadow_style=\u00bbpreset4&#8243; button_text_shadow_blur_strength=\u00bb0.08em\u00bb button_text_shadow_color=\u00bb#000000&#8243; global_colors_info=\u00bb{}\u00bb][\/et_pb_button][\/et_pb_column][\/et_pb_row][\/et_pb_section][et_pb_section fb_built=\u00bb1&#8243; prev_background_color=\u00bb#ffffff\u00bb next_background_color=\u00bb#ffffff\u00bb admin_label=\u00bbVideo\u00bb _builder_version=\u00bb4.27.4&#8243; _module_preset=\u00bbdefault\u00bb background_color=\u00bbgcid-c2e9b643-6fa1-4310-9c9b-bd34c0e5f1b3&#8243; custom_padding=\u00bb||0px||false|false\u00bb top_divider_style=\u00bbwave2&#8243; bottom_divider_style=\u00bbwave2&#8243; saved_tabs=\u00bball\u00bb collapsed=\u00bbon\u00bb global_colors_info=\u00bb{%22gcid-c2e9b643-6fa1-4310-9c9b-bd34c0e5f1b3%22:%91%22background_color%22%93}\u00bb][et_pb_row admin_label=\u00bbVideo Row\u00bb _builder_version=\u00bb4.21.0&#8243; _module_preset=\u00bbdefault\u00bb max_width=\u00bb600px\u00bb custom_padding=\u00bb|||\u00bb global_colors_info=\u00bb{}\u00bb][et_pb_column type=\u00bb4_4&#8243; _builder_version=\u00bb4.16&#8243; _module_preset=\u00bbdefault\u00bb custom_padding=\u00bb|||\u00bb global_colors_info=\u00bb{}\u00bb custom_padding__hover=\u00bb|||\u00bb][et_pb_text disabled_on=\u00bboff|off|off\u00bb admin_label=\u00bbtexts\u00bb _builder_version=\u00bb4.27.4&#8243; _module_preset=\u00bb50982c25-e2d6-4bf2-93e3-ec6aa93e8364&#8243; text_text_color=\u00bb#ffffff\u00bb text_orientation=\u00bbcenter\u00bb max_width_tablet=\u00bb\u00bb max_width_phone=\u00bb\u00bb max_width_last_edited=\u00bbon|phone\u00bb custom_padding=\u00bb25px||25px||true|false\u00bb global_colors_info=\u00bb{}\u00bb]<\/p>\n<p style=\"text-align: justify;\">Ya sea que est\u00e9s buscando un lugar para una cena rom\u00e1ntica, una celebraci\u00f3n con amigos o simplemente un buen rato despu\u00e9s de un d\u00eda en la playa, Magus Gastrobar es un destino ideal, donde su c\u00e1lida atenci\u00f3n y servicio completa una experiencia gastron\u00f3mica inolvidable.<\/p>\n<p>[\/et_pb_text][\/et_pb_column][\/et_pb_row][et_pb_row admin_label=\u00bbVideo Row\u00bb module_class=\u00bb et_pb_row_fullwidth\u00bb _builder_version=\u00bb4.27.4&#8243; _module_preset=\u00bbdefault\u00bb width=\u00bb100%\u00bb max_width=\u00bbnone\u00bb custom_padding=\u00bb0px||0px||true|false\u00bb make_fullwidth=\u00bbon\u00bb global_colors_info=\u00bb{}\u00bb][et_pb_column type=\u00bb4_4&#8243; _builder_version=\u00bb4.16&#8243; _module_preset=\u00bbdefault\u00bb custom_padding=\u00bb|||\u00bb global_colors_info=\u00bb{}\u00bb custom_padding__hover=\u00bb|||\u00bb][et_pb_video src_webm=\u00bbhttps:\/\/magugastrobar.com\/wp-content\/uploads\/2025\/07\/Video-de-WhatsApp-2025-06-06-a-las-11.45.33_22e97630.mp4&#8243; image_src=\u00bbhttps:\/\/magugastrobar.com\/wp-content\/uploads\/2025\/01\/470207701_17961130202838148_630181363795766896_n.jpg\u00bb module_class=\u00bbvideo-fijo\u00bb _builder_version=\u00bb4.27.4&#8243; _module_preset=\u00bbdefault\u00bb max_width_tablet=\u00bb100%\u00bb max_width_last_edited=\u00bboff|desktop\u00bb module_alignment=\u00bbcenter\u00bb min_height=\u00bb730px\u00bb height=\u00bb730px\u00bb animation_style=\u00bbzoom\u00bb animation_intensity_zoom=\u00bb14%\u00bb custom_css_free_form=\u00bb\/* &#8212;&#8212;&#8212;- CONTENEDOR DEL M\u00d3DULO &#8212;&#8212;&#8212;- *\/||.video-fijo{||    height:730px;||    max-height:730px;||    overflow:hidden;||    position:relative;||}||||\/* &#8212;&#8212;&#8212;- WRAPPER DIVI (mantiene altura) &#8212; *\/||.video-fijo .et_pb_video_box{||    height:100%;||}||||\/* &#8212;&#8212;&#8212;- EL V\u00cdDEO &#8212;&#8212;&#8212;&#8212;&#8212;&#8212;&#8212;&#8212; *\/||.video-fijo video,||.video-fijo iframe{||    position:absolute !important;||    top:0; right:0; bottom:0; left:0;||    width:100% !important;||    height:100% !important;||    object-fit:cover;     \/* usa contain si no quieres recorte *\/||    z-index:10;           \/* por debajo de la overlay *\/||}||||\/* &#8212;&#8212;&#8212;- SUPERPOSICI\u00d3N (overlay) &#8212;&#8212;&#8212; *\/||.video-fijo .et_pb_video_overlay{||    position:absolute !important;   \/* ocupa todo el contenedor *\/||    top:0; right:0; bottom:0; left:0;||    z-index:20;                     \/* por encima del v\u00eddeo   *\/||    display:flex;                   \/* opcional: centra el bot\u00f3n *\/||    align-items:center;             \/* opcional *\/||    justify-content:center;         \/* opcional *\/||}||\u00bb global_colors_info=\u00bb{}\u00bb][\/et_pb_video][\/et_pb_column][\/et_pb_row][\/et_pb_section][et_pb_section fb_built=\u00bb1&#8243; prev_background_color=\u00bbgcid-c2e9b643-6fa1-4310-9c9b-bd34c0e5f1b3&#8243; admin_label=\u00bbAbout\u00bb _builder_version=\u00bb4.27.4&#8243; _module_preset=\u00bbdefault\u00bb background_color_gradient_direction=\u00bb90deg\u00bb custom_padding=\u00bb16px||16px||true|false\u00bb top_divider_style=\u00bbwave2&#8243; collapsed=\u00bbon\u00bb global_colors_info=\u00bb{}\u00bb][et_pb_row column_structure=\u00bb1_2,1_2&#8243; use_custom_gutter=\u00bbon\u00bb gutter_width=\u00bb1&#8243; make_equal=\u00bbon\u00bb admin_label=\u00bbBest Beans Row\u00bb module_class=\u00bb et_pb_row_fullwidth\u00bb _builder_version=\u00bb4.27.4&#8243; _module_preset=\u00bbdefault\u00bb width=\u00bb100%\u00bb max_width=\u00bbnone\u00bb custom_margin=\u00bb|||\u00bb custom_padding=\u00bb74px||0px||false|false\u00bb make_fullwidth=\u00bbon\u00bb global_colors_info=\u00bb{}\u00bb][et_pb_column type=\u00bb1_2&#8243; _builder_version=\u00bb4.21.0&#8243; _module_preset=\u00bbdefault\u00bb custom_padding=\u00bb8%|8%|8%|8%|true|true\u00bb global_colors_info=\u00bb{}\u00bb custom_padding__hover=\u00bb|||\u00bb][et_pb_text _builder_version=\u00bb4.27.4&#8243; _module_preset=\u00bbf9a017aa-5e16-40b1-8fcf-c04c2d4d06d0&#8243; custom_margin=\u00bb||10px||false|false\u00bb global_colors_info=\u00bb{}\u00bb]<\/p>\n<h2 style=\"text-align: center;\">Localizaci\u00f3n<\/h2>\n<p>[\/et_pb_text][et_pb_text _builder_version=\u00bb4.27.4&#8243; _module_preset=\u00bb50982c25-e2d6-4bf2-93e3-ec6aa93e8364&#8243; custom_margin=\u00bb||30px||false|false\u00bb global_colors_info=\u00bb{}\u00bb]<\/p>\n<p style=\"text-align: justify;\">Ubicado en el coraz\u00f3n de Las Galletas, Arona, Magus Gastrobar es el lugar perfecto para disfrutar de una experiencia culinaria \u00fanica. Se encuentra a pocos pasos de la playa, a dos metros de la superficie del agua, dentro del puerto deportivo pesquero, rodeado de un ambiente acogedor y vibrante que invita a relajarse y disfrutar.<\/p>\n<p>[\/et_pb_text][et_pb_button button_url=\u00bbhttps:\/\/maps.app.goo.gl\/rwTn5CWoSchHDarN8&#8243; button_text=\u00bbSaber m\u00e1s\u00bb button_alignment=\u00bbcenter\u00bb _builder_version=\u00bb4.27.4&#8243; _module_preset=\u00bb2397d223-56ed-47e8-9eb2-dd336ac9a980&#8243; button_border_radius=\u00bb5px\u00bb button_text_shadow_style=\u00bbpreset4&#8243; button_text_shadow_blur_strength=\u00bb0.08em\u00bb button_text_shadow_color=\u00bb#000000&#8243; global_colors_info=\u00bb{}\u00bb][\/et_pb_button][\/et_pb_column][et_pb_column type=\u00bb1_2&#8243; _builder_version=\u00bb4.27.4&#8243; _module_preset=\u00bbdefault\u00bb background_image=\u00bbhttps:\/\/magugastrobar.com\/wp-content\/uploads\/2025\/01\/470178699_17961129140838148_4707638276706956878_n.jpg\u00bb custom_padding=\u00bb|||\u00bb global_colors_info=\u00bb{}\u00bb custom_padding__hover=\u00bb|||\u00bb][et_pb_divider show_divider=\u00bboff\u00bb _builder_version=\u00bb4.21.0&#8243; _module_preset=\u00bbdefault\u00bb height_tablet=\u00bb40vw\u00bb height_phone=\u00bb40vw\u00bb height_last_edited=\u00bbon|desktop\u00bb global_colors_info=\u00bb{}\u00bb][\/et_pb_divider][\/et_pb_column][\/et_pb_row][\/et_pb_section][et_pb_section fb_built=\u00bb1&#8243; prev_background_color=\u00bb#ffffff\u00bb next_background_color=\u00bb#ffffff\u00bb admin_label=\u00bbFeatures\u00bb _builder_version=\u00bb4.27.4&#8243; _module_preset=\u00bbdefault\u00bb background_color=\u00bbgcid-59929c70-f34a-463a-a759-427bf611fec4&#8243; background_image=\u00bbhttps:\/\/magugastrobar.com\/wp-content\/uploads\/2025\/01\/470468648_17961731387838148_6960778245741028227_n.jpg\u00bb background_size=\u00bbinitial\u00bb background_position=\u00bbcenter_right\u00bb custom_margin=\u00bb||15px|||\u00bb custom_padding=\u00bb6vw||6vw||true|false\u00bb top_divider_style=\u00bbwave2&#8243; bottom_divider_style=\u00bbwave2&#8243; locked=\u00bboff\u00bb collapsed=\u00bbon\u00bb global_colors_info=\u00bb{%22gcid-59929c70-f34a-463a-a759-427bf611fec4%22:%91%22background_color%22%93}\u00bb][et_pb_row custom_padding_last_edited=\u00bbon|desktop\u00bb admin_label=\u00bbtittle Row\u00bb _builder_version=\u00bb4.21.0&#8243; _module_preset=\u00bbdefault\u00bb custom_margin=\u00bb|||\u00bb custom_padding=\u00bb|20%||\u00bb custom_padding_tablet=\u00bb|0px||\u00bb custom_padding_phone=\u00bb|0px||\u00bb custom_width_px=\u00bb1280px\u00bb global_colors_info=\u00bb{}\u00bb][et_pb_column type=\u00bb4_4&#8243; _builder_version=\u00bb4.16&#8243; _module_preset=\u00bbdefault\u00bb custom_padding=\u00bb|||\u00bb global_colors_info=\u00bb{}\u00bb custom_padding__hover=\u00bb|||\u00bb][et_pb_text admin_label=\u00bbTittle\u00bb _builder_version=\u00bb4.27.4&#8243; _module_preset=\u00bbf9a017aa-5e16-40b1-8fcf-c04c2d4d06d0&#8243; text_font=\u00bb||||||||\u00bb header_font=\u00bb||||||||\u00bb header_2_text_color=\u00bb#FFFFFF\u00bb text_orientation=\u00bbcenter\u00bb global_colors_info=\u00bb{}\u00bb]<\/p>\n<h2>DISFRUTA DE NUESTROs platos<\/h2>\n<p>[\/et_pb_text][\/et_pb_column][\/et_pb_row][et_pb_row custom_padding_last_edited=\u00bbon|desktop\u00bb admin_label=\u00bbDetails\u00bb _builder_version=\u00bb4.21.0&#8243; _module_preset=\u00bbdefault\u00bb custom_margin=\u00bb|||\u00bb custom_padding=\u00bb|20%||\u00bb custom_padding_tablet=\u00bb|0px||\u00bb custom_padding_phone=\u00bb|0px||\u00bb custom_width_px=\u00bb1280px\u00bb global_colors_info=\u00bb{}\u00bb][et_pb_column type=\u00bb4_4&#8243; _builder_version=\u00bb4.16&#8243; _module_preset=\u00bbdefault\u00bb custom_padding=\u00bb|||\u00bb global_colors_info=\u00bb{}\u00bb custom_padding__hover=\u00bb|||\u00bb][et_pb_text disabled_on=\u00bboff|off|off\u00bb admin_label=\u00bbTexts\u00bb _builder_version=\u00bb4.27.4&#8243; _module_preset=\u00bb50982c25-e2d6-4bf2-93e3-ec6aa93e8364&#8243; text_text_color=\u00bb#ffffff\u00bb text_orientation=\u00bbcenter\u00bb max_width_tablet=\u00bb\u00bb max_width_phone=\u00bb\u00bb max_width_last_edited=\u00bbon|phone\u00bb locked=\u00bboff\u00bb global_colors_info=\u00bb{}\u00bb]<\/p>\n<p style=\"text-align: justify;\">Partiendo de una base culinaria de origen Canario, en Magus Gastrobar se ofrece una fusi\u00f3n de sabores locales e internacionales, utilizando ingredientes frescos y de alta calidad. Un men\u00fa din\u00e1mico y dise\u00f1ado para satisfacer todos los paladares, desde tapas creativas hasta platos principales innovadores, todo acompa\u00f1ado de una cuidada selecci\u00f3n de vinos y c\u00f3cteles.<\/p>\n<p>[\/et_pb_text][\/et_pb_column][\/et_pb_row][\/et_pb_section][et_pb_section fb_built=\u00bb1&#8243; admin_label=\u00bbGallery\u00bb _builder_version=\u00bb4.27.4&#8243; _module_preset=\u00bbdefault\u00bb background_color_gradient_direction=\u00bb90deg\u00bb custom_padding=\u00bb10px||20px||false|false\u00bb locked=\u00bboff\u00bb collapsed=\u00bbon\u00bb global_colors_info=\u00bb{}\u00bb][et_pb_row column_structure=\u00bb1_3,1_3,1_3&#8243; use_custom_gutter=\u00bbon\u00bb gutter_width=\u00bb1&#8243; admin_label=\u00bbBest Beans Row\u00bb module_class=\u00bb et_pb_row_fullwidth\u00bb _builder_version=\u00bb4.21.0&#8243; _module_preset=\u00bbdefault\u00bb width=\u00bb100%\u00bb max_width=\u00bbnone\u00bb custom_margin=\u00bb|||\u00bb custom_padding=\u00bb0px||0px||true|false\u00bb make_fullwidth=\u00bbon\u00bb global_colors_info=\u00bb{}\u00bb][et_pb_column type=\u00bb1_3&#8243; _builder_version=\u00bb4.16&#8243; _module_preset=\u00bbdefault\u00bb custom_padding=\u00bb|||\u00bb global_colors_info=\u00bb{}\u00bb custom_padding__hover=\u00bb|||\u00bb][et_pb_image src=\u00bbhttps:\/\/magugastrobar.com\/wp-content\/uploads\/2025\/01\/469280500_17960145647838148_216577820795392757_n.jpg\u00bb title_text=\u00bb469280500_17960145647838148_216577820795392757_n\u00bb align=\u00bbcenter\u00bb force_fullwidth=\u00bbon\u00bb _builder_version=\u00bb4.27.4&#8243; _module_preset=\u00bbdefault\u00bb custom_padding=\u00bb0px|||||\u00bb locked=\u00bboff\u00bb global_colors_info=\u00bb{}\u00bb][\/et_pb_image][\/et_pb_column][et_pb_column type=\u00bb1_3&#8243; _builder_version=\u00bb4.16&#8243; _module_preset=\u00bbdefault\u00bb custom_padding=\u00bb|||\u00bb global_colors_info=\u00bb{}\u00bb custom_padding__hover=\u00bb|||\u00bb][et_pb_image src=\u00bbhttps:\/\/magugastrobar.com\/wp-content\/uploads\/2025\/01\/470186039_17961130010838148_3231044250342257389_n.jpg\u00bb title_text=\u00bb470186039_17961130010838148_3231044250342257389_n\u00bb align=\u00bbcenter\u00bb force_fullwidth=\u00bbon\u00bb _builder_version=\u00bb4.27.4&#8243; _module_preset=\u00bbdefault\u00bb global_colors_info=\u00bb{}\u00bb][\/et_pb_image][\/et_pb_column][et_pb_column type=\u00bb1_3&#8243; _builder_version=\u00bb4.16&#8243; _module_preset=\u00bbdefault\u00bb custom_padding=\u00bb|||\u00bb global_colors_info=\u00bb{}\u00bb custom_padding__hover=\u00bb|||\u00bb][et_pb_image src=\u00bbhttps:\/\/magugastrobar.com\/wp-content\/uploads\/2025\/01\/445766599_17936524736838148_8061897759824557228_n.jpg\u00bb title_text=\u00bb445766599_17936524736838148_8061897759824557228_n\u00bb align=\u00bbcenter\u00bb force_fullwidth=\u00bbon\u00bb _builder_version=\u00bb4.27.4&#8243; _module_preset=\u00bbdefault\u00bb height=\u00bb476px\u00bb locked=\u00bboff\u00bb global_colors_info=\u00bb{}\u00bb][\/et_pb_image][\/et_pb_column][\/et_pb_row][\/et_pb_section][et_pb_section fb_built=\u00bb1&#8243; prev_background_color=\u00bb#ffffff\u00bb admin_label=\u00bbFooter\u00bb _builder_version=\u00bb4.27.4&#8243; _module_preset=\u00bbdefault\u00bb background_color_gradient_direction=\u00bb90deg\u00bb background_image=\u00bbhttps:\/\/magugastrobar.com\/wp-content\/uploads\/2025\/01\/470137861_17961130025838148_9195853316946440638_n.jpg\u00bb min_height=\u00bb858.1px\u00bb custom_padding=\u00bb58px||58px||true|false\u00bb top_divider_style=\u00bbwave2&#8243; top_divider_height=\u00bb106px\u00bb top_divider_repeat=\u00bb1x\u00bb bottom_divider_style=\u00bbwave2&#8243; bottom_divider_color=\u00bb#000000&#8243; saved_tabs=\u00bball\u00bb locked=\u00bboff\u00bb collapsed=\u00bboff\u00bb global_colors_info=\u00bb{}\u00bb][et_pb_row column_structure=\u00bb1_2,1_2&#8243; use_custom_gutter=\u00bbon\u00bb gutter_width=\u00bb1&#8243; make_equal=\u00bbon\u00bb admin_label=\u00bbFooter Row\u00bb module_class=\u00bb et_pb_row_fullwidth\u00bb _builder_version=\u00bb4.27.4&#8243; _module_preset=\u00bbdefault\u00bb width=\u00bb100%\u00bb max_width=\u00bbnone\u00bb custom_margin=\u00bb|||\u00bb animation_style=\u00bbfade\u00bb make_fullwidth=\u00bbon\u00bb global_colors_info=\u00bb{}\u00bb][et_pb_column type=\u00bb1_2&#8243; _builder_version=\u00bb4.27.4&#8243; _module_preset=\u00bbdefault\u00bb background_color=\u00bbrgba(0,0,0,0.6)\u00bb custom_padding=\u00bb8%|8%|8%|8%|true|true\u00bb global_colors_info=\u00bb{}\u00bb][et_pb_text _builder_version=\u00bb4.27.4&#8243; _module_preset=\u00bbf9a017aa-5e16-40b1-8fcf-c04c2d4d06d0&#8243; header_2_text_color=\u00bb#FFFFFF\u00bb custom_margin=\u00bb||30px||false|false\u00bb global_colors_info=\u00bb{}\u00bb]<\/p>\n<h2 style=\"text-align: center;\">\u00a1VEN A VISITARNOS!<\/h2>\n<p>[\/et_pb_text][et_pb_text _builder_version=\u00bb4.27.4&#8243; _module_preset=\u00bbbafdd3ac-9a92-4cf6-b83b-af7bb3797e35&#8243; header_4_text_color=\u00bbgcid-b247d7e9-2bbc-48fc-81a8-3cd1da3da572&#8243; global_colors_info=\u00bb{%22gcid-b247d7e9-2bbc-48fc-81a8-3cd1da3da572%22:%91%22header_4_text_color%22%93}\u00bb]<\/p>\n<h4 style=\"text-align: center;\">Horarios<\/h4>\n<p>[\/et_pb_text][et_pb_text _builder_version=\u00bb4.27.4&#8243; _module_preset=\u00bb66c99481-95c4-4d4b-8ae6-405c521d6d8c\u00bb text_text_color=\u00bb#FFFFFF\u00bb custom_margin=\u00bb||30px||false|false\u00bb global_colors_info=\u00bb{}\u00bb]<\/p>\n<p style=\"text-align: center;\">Todos los d\u00edas<br \/>12:30 &#8211; 23:30<\/p>\n<p>[\/et_pb_text][et_pb_button button_url=\u00bbhttps:\/\/www.instagram.com\/magus_gastrobar?utm_source=ig_web_button_share_sheet&#038;igsh=ZDNlZDc0MzIxNw==\u00bb button_text=\u00bbMira nuestro men\u00fa\u00bb button_alignment=\u00bbcenter\u00bb _builder_version=\u00bb4.27.4&#8243; _module_preset=\u00bb2397d223-56ed-47e8-9eb2-dd336ac9a980&#8243; button_border_radius=\u00bb5px\u00bb button_text_shadow_style=\u00bbpreset4&#8243; button_text_shadow_blur_strength=\u00bb0.08em\u00bb button_text_shadow_color=\u00bb#000000&#8243; global_colors_info=\u00bb{}\u00bb][\/et_pb_button][\/et_pb_column][et_pb_column type=\u00bb1_2&#8243; _builder_version=\u00bb4.27.4&#8243; _module_preset=\u00bbdefault\u00bb background_color=\u00bb#000000&#8243; custom_padding=\u00bb8%|8%|8%|8%|true|true\u00bb global_colors_info=\u00bb{}\u00bb custom_padding__hover=\u00bb|||\u00bb][et_pb_text _builder_version=\u00bb4.27.4&#8243; _module_preset=\u00bbf9a017aa-5e16-40b1-8fcf-c04c2d4d06d0&#8243; header_2_text_color=\u00bb#FFFFFF\u00bb custom_margin=\u00bb||30px||false|false\u00bb locked=\u00bboff\u00bb global_colors_info=\u00bb{}\u00bb]<\/p>\n<h2>Contacto<\/h2>\n<p>[\/et_pb_text][et_pb_text _builder_version=\u00bb4.27.4&#8243; _module_preset=\u00bbbafdd3ac-9a92-4cf6-b83b-af7bb3797e35&#8243; header_4_text_color=\u00bbgcid-b247d7e9-2bbc-48fc-81a8-3cd1da3da572&#8243; locked=\u00bboff\u00bb global_colors_info=\u00bb{%22gcid-b247d7e9-2bbc-48fc-81a8-3cd1da3da572%22:%91%22header_4_text_color%22%93}\u00bb]<\/p>\n<h4>Tel\u00e9fono<\/h4>\n<p>[\/et_pb_text][et_pb_text _builder_version=\u00bb4.27.4&#8243; _module_preset=\u00bb66c99481-95c4-4d4b-8ae6-405c521d6d8c\u00bb text_text_color=\u00bb#FFFFFF\u00bb link_text_color=\u00bb#FFFFFF\u00bb custom_margin=\u00bb||30px||false|false\u00bb locked=\u00bboff\u00bb global_colors_info=\u00bb{}\u00bb]<\/p>\n<p><a href=\"tel:+34 922 42 02 75\" class=\"BMQDV _F Gv wSSLS SwZTJ\"><span class=\"biGQs _P pZUbB hmDzD\">+34 922 42 02 75<\/span><\/a><\/p>\n<p>[\/et_pb_text][et_pb_text _builder_version=\u00bb4.21.0&#8243; _module_preset=\u00bbbafdd3ac-9a92-4cf6-b83b-af7bb3797e35&#8243; header_4_text_color=\u00bbgcid-b247d7e9-2bbc-48fc-81a8-3cd1da3da572&#8243; locked=\u00bboff\u00bb global_colors_info=\u00bb{%22gcid-b247d7e9-2bbc-48fc-81a8-3cd1da3da572%22:%91%22header_4_text_color%22%93}\u00bb]<\/p>\n<h4>Email<\/h4>\n<p>[\/et_pb_text][et_pb_text _builder_version=\u00bb4.27.4&#8243; _module_preset=\u00bb66c99481-95c4-4d4b-8ae6-405c521d6d8c\u00bb text_text_color=\u00bb#FFFFFF\u00bb link_text_color=\u00bb#FFFFFF\u00bb custom_margin=\u00bb||30px||false|false\u00bb locked=\u00bboff\u00bb global_colors_info=\u00bb{}\u00bb]<\/p>\n<p>magusgastrobar@gmail.com<a href=\"mailto:#\"><\/a><\/p>\n<p>[\/et_pb_text][et_pb_text _builder_version=\u00bb4.27.4&#8243; _module_preset=\u00bbbafdd3ac-9a92-4cf6-b83b-af7bb3797e35&#8243; header_4_text_color=\u00bbgcid-b247d7e9-2bbc-48fc-81a8-3cd1da3da572&#8243; locked=\u00bboff\u00bb global_colors_info=\u00bb{%22gcid-b247d7e9-2bbc-48fc-81a8-3cd1da3da572%22:%91%22header_4_text_color%22%93}\u00bb]<\/p>\n<h4>Direcci\u00f3n<\/h4>\n<p>[\/et_pb_text][et_pb_text _builder_version=\u00bb4.27.4&#8243; _module_preset=\u00bb66c99481-95c4-4d4b-8ae6-405c521d6d8c\u00bb text_text_color=\u00bb#FFFFFF\u00bb link_text_color=\u00bb#FFFFFF\u00bb custom_margin=\u00bb||30px||false|false\u00bb locked=\u00bboff\u00bb global_colors_info=\u00bb{}\u00bb]<\/p>\n<div class=\"biGQs _P pZUbB hmDzD\" data-automation=\"restaurantsMapLinkOnName\">Paseo Espig\u00f3n, 12 Marina, 38631 Las Galletas, Tenerife Espa\u00f1a<\/div>\n<p>&nbsp;<\/p>\n<p>[\/et_pb_text][et_pb_image src=\u00bbhttps:\/\/magugastrobar.com\/wp-content\/uploads\/2025\/01\/Logo_22.png\u00bb title_text=\u00bbLogo_22&#8243; _builder_version=\u00bb4.27.4&#8243; _module_preset=\u00bbdefault\u00bb max_width=\u00bb37%\u00bb custom_margin=\u00bb-6%|||-10px|false|false\u00bb global_colors_info=\u00bb{}\u00bb][\/et_pb_image][et_pb_image src=\u00bbhttps:\/\/magugastrobar.com\/wp-content\/uploads\/2025\/01\/Logo_2.png\u00bb _builder_version=\u00bb4.27.6&#8243; _module_preset=\u00bbdefault\u00bb title_text=\u00bbLogo_2&#8243; hover_enabled=\u00bb0&#8243; sticky_enabled=\u00bb0&#8243;][\/et_pb_image][\/et_pb_column][\/et_pb_row][\/et_pb_section]<\/p>\n","protected":false},"excerpt":{"rendered":"<p>MAGUS GASTRO BARSabores \u00fanicos junto al mar, donde cada plato es un viaje gastron\u00f3micoYa sea que est\u00e9s buscando un lugar para una cena rom\u00e1ntica, una celebraci\u00f3n con amigos o simplemente un buen rato despu\u00e9s de un d\u00eda en la playa, Magus Gastrobar es un destino ideal, donde su c\u00e1lida atenci\u00f3n y servicio completa una experiencia [&hellip;]<\/p>\n","protected":false},"author":2,"featured_media":0,"parent":0,"menu_order":0,"comment_status":"closed","ping_status":"closed","template":"","meta":{"_et_pb_use_builder":"on","_et_pb_old_content":"","_et_gb_content_width":"","footnotes":""},"class_list":["post-20","page","type-page","status-publish","hentry"],"aioseo_notices":[],"_links":{"self":[{"href":"https:\/\/magugastrobar.com\/index.php\/wp-json\/wp\/v2\/pages\/20","targetHints":{"allow":["GET"]}}],"collection":[{"href":"https:\/\/magugastrobar.com\/index.php\/wp-json\/wp\/v2\/pages"}],"about":[{"href":"https:\/\/magugastrobar.com\/index.php\/wp-json\/wp\/v2\/types\/page"}],"author":[{"embeddable":true,"href":"https:\/\/magugastrobar.com\/index.php\/wp-json\/wp\/v2\/users\/2"}],"replies":[{"embeddable":true,"href":"https:\/\/magugastrobar.com\/index.php\/wp-json\/wp\/v2\/comments?post=20"}],"version-history":[{"count":46,"href":"https:\/\/magugastrobar.com\/index.php\/wp-json\/wp\/v2\/pages\/20\/revisions"}],"predecessor-version":[{"id":501,"href":"https:\/\/magugastrobar.com\/index.php\/wp-json\/wp\/v2\/pages\/20\/revisions\/501"}],"wp:attachment":[{"href":"https:\/\/magugastrobar.com\/index.php\/wp-json\/wp\/v2\/media?parent=20"}],"curies":[{"name":"wp","href":"https:\/\/api.w.org\/{rel}","templated":true}]}}